{"id":6306,"date":"2021-05-22T14:07:52","date_gmt":"2021-05-22T14:07:52","guid":{"rendered":"https:\/\/yunarmeerschaum.com\/?post_type=product&#038;p=6306"},"modified":"2025-02-10T16:30:04","modified_gmt":"2025-02-10T16:30:04","slug":"yunar-meerschaum-455","status":"publish","type":"product","link":"https:\/\/yunarmeerschaum.com\/index.php\/product\/yunar-meerschaum-455\/","title":{"rendered":"Yunar Meerschaum &#8211; 455"},"content":{"rendered":"<p><img decoding=\"async\" loading=\"lazy\" class=\"size-full wp-image-2208 aligncenter\" src=\"https:\/\/yunarmeerschaum.com\/wp-content\/uploads\/2020\/07\/dimensions.png\" alt=\"\" width=\"500\" height=\"222\" srcset=\"https:\/\/yunarmeerschaum.com\/wp-content\/uploads\/2020\/07\/dimensions.png 500w, https:\/\/yunarmeerschaum.com\/wp-content\/uploads\/2020\/07\/dimensions-427x190.png 427w, https:\/\/yunarmeerschaum.com\/wp-content\/uploads\/2020\/07\/dimensions-300x133.png 300w\" sizes=\"(max-width: 500px) 100vw, 500px\" \/><\/p>\n<table class=\"t1\" style=\"height: 508px;\" width=\"769\" cellspacing=\"0\" cellpadding=\"0\">\n<tbody>\n<tr>\n<td class=\"td1\" valign=\"top\">\n<p class=\"p1\"><b><span style=\"vertical-align: inherit;\"><span style=\"vertical-align: inherit;\">Bir Kase Y\u00fcksekli\u011fi<\/span><\/span><\/b><\/p>\n<\/td>\n<td class=\"td1\" valign=\"top\">\n<p class=\"p2\"><span style=\"vertical-align: inherit;\"><span style=\"vertical-align: inherit;\">\u00a0 mm<\/span><\/span><\/p>\n<\/td>\n<\/tr>\n<tr>\n<td class=\"td1\" valign=\"top\">\n<p class=\"p1\"><b><span style=\"vertical-align: inherit;\"><span style=\"vertical-align: inherit;\">B Uzunlu\u011fu<\/span><\/span><\/b><\/p>\n<\/td>\n<td class=\"td1\" valign=\"top\">\n<p class=\"p2\"><span style=\"vertical-align: inherit;\"><span style=\"vertical-align: inherit;\">\u00a0 mm<\/span><\/span><\/p>\n<\/td>\n<\/tr>\n<tr>\n<td class=\"td1\" valign=\"top\">\n<p class=\"p1\"><b><span style=\"vertical-align: inherit;\"><span style=\"vertical-align: inherit;\">C Oda \u00c7ap\u0131<\/span><\/span><\/b><\/p>\n<\/td>\n<td class=\"td1\" valign=\"top\">\n<p class=\"p2\"><span style=\"vertical-align: inherit;\"><span style=\"vertical-align: inherit;\">\u00a0 mm<\/span><\/span><\/p>\n<\/td>\n<\/tr>\n<tr>\n<td class=\"td1\" valign=\"top\">\n<p class=\"p1\"><b><span style=\"vertical-align: inherit;\"><span style=\"vertical-align: inherit;\">D Oda Derinli\u011fi<\/span><\/span><\/b><\/p>\n<\/td>\n<td class=\"td1\" valign=\"top\">\n<p class=\"p2\"><span style=\"vertical-align: inherit;\"><span style=\"vertical-align: inherit;\">\u00a0 mm<\/span><\/span><\/p>\n<\/td>\n<\/tr>\n<tr>\n<td class=\"td1\" valign=\"top\">\n<p class=\"p1\"><b><span style=\"vertical-align: inherit;\"><span style=\"vertical-align: inherit;\">E Kase Geni\u015fli\u011fi<\/span><\/span><\/b><\/p>\n<\/td>\n<td class=\"td1\" valign=\"top\">\n<p class=\"p2\"><span style=\"vertical-align: inherit;\"><span style=\"vertical-align: inherit;\">\u00a0 mm<\/span><\/span><\/p>\n<\/td>\n<\/tr>\n<tr>\n<td class=\"td1\" valign=\"top\">\n<p class=\"p1\"><b><span style=\"vertical-align: inherit;\"><span style=\"vertical-align: inherit;\">A\u011f\u0131rl\u0131k<\/span><\/span><\/b><\/p>\n<\/td>\n<td class=\"td1\" valign=\"top\">\n<p class=\"p2\"><span style=\"vertical-align: inherit;\"><span style=\"vertical-align: inherit;\">\u00a0 gr<\/span><\/span><\/p>\n<\/td>\n<\/tr>\n<tr>\n<td class=\"td1\" valign=\"top\">\n<p class=\"p1\"><b><span style=\"vertical-align: inherit;\"><span style=\"vertical-align: inherit;\">G\u00f6vde Malzemesi<\/span><\/span><\/b><\/p>\n<\/td>\n<td class=\"td1\" valign=\"top\">\n<p class=\"p2\"><span style=\"vertical-align: inherit;\"><span style=\"vertical-align: inherit;\">Akrilik<\/span><\/span><\/p>\n<\/td>\n<\/tr>\n<tr>\n<td class=\"td1\" valign=\"top\">\n<p class=\"p1\"><b><span style=\"vertical-align: inherit;\"><span style=\"vertical-align: inherit;\">\u0130tme ve \u00c7ekme Sistemi<\/span><\/span><\/b><\/p>\n<\/td>\n<td class=\"td1\" valign=\"top\">\n<p class=\"p2\"><span style=\"vertical-align: inherit;\"><span style=\"vertical-align: inherit;\">Teflon \u2013 Delrin<\/span><\/span><\/p>\n<\/td>\n<\/tr>\n<tr>\n<td class=\"td1\" valign=\"top\">\n<p class=\"p1\"><b><span style=\"vertical-align: inherit;\"><span style=\"vertical-align: inherit;\">filtre<\/span><\/span><\/b><\/p>\n<\/td>\n<td class=\"td1\" valign=\"top\">\n<p class=\"p2\"><span style=\"vertical-align: inherit;\"><span style=\"vertical-align: inherit;\">Tercihe g\u00f6re 9mm filtre yap\u0131l\u0131r.<\/span><\/span><\/p>\n<\/td>\n<\/tr>\n<\/tbody>\n<\/table>\n","protected":false},"excerpt":{"rendered":"<p>Bir Kase Y\u00fcksekli\u011fi \u00a0 mm B Uzunlu\u011fu \u00a0 mm C Oda \u00c7ap\u0131 \u00a0 mm D Oda Derinli\u011fi \u00a0 mm E Kase Geni\u015fli\u011fi \u00a0 mm A\u011f\u0131rl\u0131k \u00a0 gr G\u00f6vde Malzemesi Akrilik \u0130tme ve \u00c7ekme Sistemi Teflon \u2013 Delrin filtre Tercihe g\u00f6re 9mm filtre yap\u0131l\u0131r.<\/p>\n","protected":false},"featured_media":6242,"template":"","meta":{"inline_featured_image":false,"_mi_skip_tracking":false},"product_cat":[60,61,63],"product_tag":[],"_links":{"self":[{"href":"https:\/\/yunarmeerschaum.com\/index.php\/wp-json\/wp\/v2\/product\/6306"}],"collection":[{"href":"https:\/\/yunarmeerschaum.com\/index.php\/wp-json\/wp\/v2\/product"}],"about":[{"href":"https:\/\/yunarmeerschaum.com\/index.php\/wp-json\/wp\/v2\/types\/product"}],"wp:featuredmedia":[{"embeddable":true,"href":"https:\/\/yunarmeerschaum.com\/index.php\/wp-json\/wp\/v2\/media\/6242"}],"wp:attachment":[{"href":"https:\/\/yunarmeerschaum.com\/index.php\/wp-json\/wp\/v2\/media?parent=6306"}],"wp:term":[{"taxonomy":"product_cat","embeddable":true,"href":"https:\/\/yunarmeerschaum.com\/index.php\/wp-json\/wp\/v2\/product_cat?post=6306"},{"taxonomy":"product_tag","embeddable":true,"href":"https:\/\/yunarmeerschaum.com\/index.php\/wp-json\/wp\/v2\/product_tag?post=6306"}],"curies":[{"name":"wp","href":"https:\/\/api.w.org\/{rel}","templated":true}]}}