{"id":557,"date":"2016-06-16T01:27:04","date_gmt":"2016-06-16T01:27:04","guid":{"rendered":"https:\/\/demo.thembay.com\/cena\/?page_id=557"},"modified":"2020-08-19T20:34:09","modified_gmt":"2020-08-19T20:34:09","slug":"contact-us","status":"publish","type":"page","link":"https:\/\/yunarmeerschaum.com\/index.php\/contact-us\/","title":{"rendered":"Contact Us"},"content":{"rendered":"<p>[vc_row full_width=&#8221;stretch_row_content_no_spaces&#8221; isfullwidth=&#8221;0&#8243;][vc_column][vc_gmaps link=&#8221;#E-8_JTNDaWZyYW1lJTIwc3JjJTNEJTIyaHR0cHMlM0ElMkYlMkZ3d3cuZ29vZ2xlLmNvbSUyRm1hcHMlMkZlbWJlZCUzRnBiJTNEJTIxMW0xOCUyMTFtMTIlMjExbTMlMjExZDMwNjYuOTIzMTM3NzgwMjE4NCUyMTJkMzAuNTIxNDkxMzE1MTgzNTg1JTIxM2QzOS43NjM4MzQxMDMwMTEyNiUyMTJtMyUyMTFmMCUyMTJmMCUyMTNmMCUyMTNtMiUyMTFpMTAyNCUyMTJpNzY4JTIxNGYxMy4xJTIxM20zJTIxMW0yJTIxMXMweDE0Y2MxNjFjZjUyMWU0NmQlMjUzQTB4NmJmOGMzZDY3ODNlYTJlMyUyMTJ6V1hWdVlYSWdVR2x3YnlCTXc3eHNaWFJoeFpfRXNRJTIxNWUwJTIxM20yJTIxMXN0ciUyMTJzdHIlMjE0djE1OTQ1MDQzNjg4NDIlMjE1bTIlMjExc3RyJTIxMnN0ciUyMiUyMHdpZHRoJTNEJTIyMTAwJTI1JTIyJTIwaGVpZ2h0JTNEJTIyNDUwJTIyJTIwZnJhbWVib3JkZXIlM0QlMjIwJTIyJTIwc3R5bGUlM0QlMjJib3JkZXIlM0EwJTNCJTIyJTIwYWxsb3dmdWxsc2NyZWVuJTNEJTIyJTIyJTIwYXJpYS1oaWRkZW4lM0QlMjJmYWxzZSUyMiUyMHRhYmluZGV4JTNEJTIyMCUyMiUzRSUzQyUyRmlmcmFtZSUzRQ==&#8221; size=&#8221;350&#8243;][\/vc_column][\/vc_row][vc_row css=&#8221;.vc_custom_1466041691957{margin-top: 50px !important;margin-bottom: 40px !important;}&#8221;][vc_column width=&#8221;1\/3&#8243;][vc_column_text]<\/p>\n<div class=\"contact-form-content widget\">\n<p><strong>All Yunar Meerschaum pipes in the photos are the actual pipes you will receive.<\/strong><\/p>\n<p>YUNARMEERSCHAUM.COM does not sell tobacco related products to anyone under the age of 21, nor do we sell tobacco nor cigarettes.<\/p>\n<ul class=\"contactinfos list-unstyled\">\n<li><i class=\"fa fa-map-marker\"><\/i>Pa\u015fa Mh. Pazaro\u011flu Sk. No: 8\/16 Atl\u0131 Han El Sanatlar\u0131 \u00c7ar\u015f\u0131s\u0131 Odunpazar\u0131 \/ Eski\u015fehir \/ Turkey<\/li>\n<li><i class=\"fa fa-phone\"><\/i>+90 536 335 30 32<\/li>\n<li><i class=\"fa fa-envelope\"><\/i><a href=\"mailto:info@yunarmeerschaum.com\">info@yunarmeerschaum.com<\/a><\/li>\n<\/ul>\n<\/div>\n<p>[\/vc_column_text][vc_column_text]<\/p>\n<div class=\"contact-opening widget\">\n<h3 class=\"widgettitle\">OPENING TIME<\/h3>\n<p>Monday \u2013 Friday: 8.00 AM \u2013 7.00 PM<br \/>\nSaturday, Sunday: 9.00 AM \u2013 8.00 PM<\/p>\n<\/div>\n<p>[\/vc_column_text][vc_single_image image=&#8221;2837&#8243; img_size=&#8221;250&#215;250&#8243;][\/vc_column][vc_column width=&#8221;2\/3&#8243;][vc_column_text]<\/p>\n<div class=\"widget\">\n<h3 class=\"widgettitle\">Contact form<\/h3>\n<div>\n<p>[\/vc_column_text]<div role=\"form\" class=\"wpcf7\" id=\"wpcf7-f559-o1\" lang=\"en-US\" dir=\"ltr\">\n<div class=\"screen-reader-response\"><p role=\"status\" aria-live=\"polite\" aria-atomic=\"true\"><\/p> <ul><\/ul><\/div>\n<form action=\"\/index.php\/wp-json\/wp\/v2\/pages\/557#wpcf7-f559-o1\" method=\"post\" class=\"wpcf7-form init\" novalidate=\"novalidate\" data-status=\"init\">\n<div style=\"display: none;\">\n<input type=\"hidden\" name=\"_wpcf7\" value=\"559\" \/>\n<input type=\"hidden\" name=\"_wpcf7_version\" value=\"5.6.4\" \/>\n<input type=\"hidden\" name=\"_wpcf7_locale\" value=\"en_US\" \/>\n<input type=\"hidden\" name=\"_wpcf7_unit_tag\" value=\"wpcf7-f559-o1\" \/>\n<input type=\"hidden\" name=\"_wpcf7_container_post\" value=\"0\" \/>\n<input type=\"hidden\" name=\"_wpcf7_posted_data_hash\" value=\"\" \/>\n<\/div>\n<div class=\"form-group\">\n\t<label for=\"your_name\">Your Name (required)<\/label><br \/>\n\t<span class=\"wpcf7-form-control-wrap\" data-name=\"text-799\"><input type=\"text\" name=\"text-799\" value=\"\" size=\"40\" class=\"wpcf7-form-control wpcf7-text wpcf7-validates-as-required form-control\" id=\"your_name\" aria-required=\"true\" aria-invalid=\"false\" \/><\/span>\n<\/div>\n<div class=\"form-group\">\n\t<label for=\"your_email\">Your Email (required)<\/label><br \/>\n\t<span class=\"wpcf7-form-control-wrap\" data-name=\"email-257\"><input type=\"email\" name=\"email-257\" value=\"\" size=\"40\" class=\"wpcf7-form-control wpcf7-text wpcf7-email wpcf7-validates-as-required wpcf7-validates-as-email form-control\" id=\"your_email\" aria-required=\"true\" aria-invalid=\"false\" \/><\/span>\n<\/div>\n<div class=\"form-group\">\n\t<label for=\"contact_subject\">Subject<\/label><br \/>\n\t<span class=\"wpcf7-form-control-wrap\" data-name=\"text-144\"><input type=\"text\" name=\"text-144\" value=\"\" size=\"40\" class=\"wpcf7-form-control wpcf7-text form-control\" id=\"contact_subject\" aria-invalid=\"false\" \/><\/span>\n<\/div>\n<div class=\"form-group\">\n\t<label for=\"your_message\">Your Message<\/label><br \/>\n\t<span class=\"wpcf7-form-control-wrap\" data-name=\"textarea-552\"><textarea name=\"textarea-552\" cols=\"40\" rows=\"10\" class=\"wpcf7-form-control wpcf7-textarea form-control\" id=\"your_message\" aria-invalid=\"false\"><\/textarea><\/span>\n<\/div>\n<div class=\"form-group\">\n\t<input type=\"submit\" value=\"Send\" class=\"wpcf7-form-control has-spinner wpcf7-submit btn btn-default\" \/>\n<\/div>\n<div class=\"wpcf7-response-output\" aria-hidden=\"true\"><\/div><\/form><\/div>[\/vc_column][\/vc_row][vc_row][vc_column][vc_column_text]<\/p>\n<\/div>\n<\/div>\n<p>[\/vc_column_text][\/vc_column][\/vc_row]<\/p>\n","protected":false},"excerpt":{"rendered":"<p>[vc_row full_width=&#8221;stretch_row_content_no_spaces&#8221; isfullwidth=&#8221;0&#8243;][vc_column][vc_gmaps link=&#8221;#E-8_JTNDaWZyYW1lJTIwc3JjJTNEJTIyaHR0cHMlM0ElMkYlMkZ3d3cuZ29vZ2xlLmNvbSUyRm1hcHMlMkZlbWJlZCUzRnBiJTNEJTIxMW0xOCUyMTFtMTIlMjExbTMlMjExZDMwNjYuOTIzMTM3NzgwMjE4NCUyMTJkMzAuNTIxNDkxMzE1MTgzNTg1JTIxM2QzOS43NjM4MzQxMDMwMTEyNiUyMTJtMyUyMTFmMCUyMTJmMCUyMTNmMCUyMTNtMiUyMTFpMTAyNCUyMTJpNzY4JTIxNGYxMy4xJTIxM20zJTIxMW0yJTIxMXMweDE0Y2MxNjFjZjUyMWU0NmQlMjUzQTB4NmJmOGMzZDY3ODNlYTJlMyUyMTJ6V1hWdVlYSWdVR2x3YnlCTXc3eHNaWFJoeFpfRXNRJTIxNWUwJTIxM20yJTIxMXN0ciUyMTJzdHIlMjE0djE1OTQ1MDQzNjg4NDIlMjE1bTIlMjExc3RyJTIxMnN0ciUyMiUyMHdpZHRoJTNEJTIyMTAwJTI1JTIyJTIwaGVpZ2h0JTNEJTIyNDUwJTIyJTIwZnJhbWVib3JkZXIlM0QlMjIwJTIyJTIwc3R5bGUlM0QlMjJib3JkZXIlM0EwJTNCJTIyJTIwYWxsb3dmdWxsc2NyZWVuJTNEJTIyJTIyJTIwYXJpYS1oaWRkZW4lM0QlMjJmYWxzZSUyMiUyMHRhYmluZGV4JTNEJTIyMCUyMiUzRSUzQyUyRmlmcmFtZSUzRQ==&#8221; size=&#8221;350&#8243;][\/vc_column][\/vc_row][vc_row css=&#8221;.vc_custom_1466041691957{margin-top: 50px !important;margin-bottom: 40px !important;}&#8221;][vc_column width=&#8221;1\/3&#8243;][vc_column_text] All Yunar Meerschaum pipes in the photos are the actual pipes you will receive. YUNARMEERSCHAUM.COM does not sell tobacco related products to anyone under the age of 21, nor do we sell tobacco nor cigarettes. Pa\u015fa Mh. Pazaro\u011flu Sk. No: 8\/16 Atl\u0131 Han El &hellip; <a href=\"https:\/\/yunarmeerschaum.com\/index.php\/contact-us\/\" class=\"more-link\">Continue reading <span class=\"screen-reader-text\">Contact Us<\/span><\/a><\/p>\n","protected":false},"author":1,"featured_media":0,"parent":0,"menu_order":0,"comment_status":"closed","ping_status":"closed","template":"","meta":{"inline_featured_image":false,"_mi_skip_tracking":false},"_links":{"self":[{"href":"https:\/\/yunarmeerschaum.com\/index.php\/wp-json\/wp\/v2\/pages\/557"}],"collection":[{"href":"https:\/\/yunarmeerschaum.com\/index.php\/wp-json\/wp\/v2\/pages"}],"about":[{"href":"https:\/\/yunarmeerschaum.com\/index.php\/wp-json\/wp\/v2\/types\/page"}],"author":[{"embeddable":true,"href":"https:\/\/yunarmeerschaum.com\/index.php\/wp-json\/wp\/v2\/users\/1"}],"replies":[{"embeddable":true,"href":"https:\/\/yunarmeerschaum.com\/index.php\/wp-json\/wp\/v2\/comments?post=557"}],"version-history":[{"count":12,"href":"https:\/\/yunarmeerschaum.com\/index.php\/wp-json\/wp\/v2\/pages\/557\/revisions"}],"predecessor-version":[{"id":2839,"href":"https:\/\/yunarmeerschaum.com\/index.php\/wp-json\/wp\/v2\/pages\/557\/revisions\/2839"}],"wp:attachment":[{"href":"https:\/\/yunarmeerschaum.com\/index.php\/wp-json\/wp\/v2\/media?parent=557"}],"curies":[{"name":"wp","href":"https:\/\/api.w.org\/{rel}","templated":true}]}}