{"id":531,"date":"2016-06-15T00:24:04","date_gmt":"2016-06-15T00:24:04","guid":{"rendered":"https:\/\/demo.thembay.com\/cena\/?page_id=531"},"modified":"2020-07-13T16:42:34","modified_gmt":"2020-07-13T16:42:34","slug":"about-us","status":"publish","type":"page","link":"https:\/\/yunarmeerschaum.com\/index.php\/about-us\/","title":{"rendered":"About Yunar Meerschaum"},"content":{"rendered":"<p>[vc_row css=&#8221;.vc_custom_1504682859431{padding-top: 11px !important;}&#8221;][vc_column el_class=&#8221;center&#8221;][vc_single_image image=&#8221;2181&#8243; img_size=&#8221;full&#8221; alignment=&#8221;center&#8221; css_animation=&#8221;fadeInUp&#8221; css=&#8221;.vc_custom_1594503483758{padding-top: 10px !important;padding-right: 10px !important;padding-bottom: 10px !important;padding-left: 10px !important;}&#8221; el_class=&#8221;no-link&#8221;][vc_column_text css_animation=&#8221;fadeInUp&#8221; el_class=&#8221;text-center&#8221; css=&#8221;.vc_custom_1594504081779{margin-top: 12px !important;margin-bottom: 46px !important;}&#8221;]<\/p>\n<div class=\"about-testimonials\"><em>&#8220;Yunar Meerschaum is owned and operated by Yunar family who had been carving meerschaum genetation to generation.&#8221;<\/em> \u2014 Abd\u00fclvahap YUNAR<\/div>\n<p>[\/vc_column_text][tbay_title_heading title=&#8221;About Us&#8221; buttons=&#8221;btn-default btn-outline&#8221; buttons2=&#8221;btn-default btn-outline&#8221; style=&#8221;style5&#8243; el_class=&#8221;title_underlined text-center&#8221;][vc_column_text css_animation=&#8221;fadeInUp&#8221; el_class=&#8221;text-center&#8221; css=&#8221;.vc_custom_1594658418658{padding-top: 10px !important;padding-right: 50px !important;padding-left: 50px !important;}&#8221;]<\/p>\n<div class=\"about-sub\">\n<p><strong>Yunar Pipo olarak iki ku\u015fak boyunca l\u00fcle ta\u015f\u0131n\u0131 i\u015fleyip, siz de\u011ferli m\u00fc\u015fterilerimize sunuyoruz. Sitemizde bulunan b\u00fct\u00fcn \u00fcr\u00fcnler Yunar Pipo\u2019nun y\u00f6neticisi, sahibi ve Eski\u015fehir\u2019in en gen\u00e7 l\u00fcleta\u015f\u0131 ustas\u0131 Abd\u00fclvahap Yunar taraf\u0131ndan yap\u0131lm\u0131\u015ft\u0131r. Pipo ve pipo ile ilgili bir\u00e7ok \u00fcr\u00fcne sitemiz \u00fczerinden ula\u015fabilirsiniz.<\/strong><\/p>\n<p><em>As Yunar Pipo, we dress meerschaum and offer it to our precious customers for two generations. All the products available on our website are made by Abd\u00fclvahap Yunar who is the manager and owner of Yunar Pipo and the youngest meerschaum artist in Eski\u015fehir. You may reach many pipe and pipe related products via our website.<\/em><\/p>\n<p><strong>Yunar Pipo olarak i\u015fimizi ciddiye al\u0131yor, sizlere en iyi hizmeti vermek i\u00e7in s\u00fcrekli \u00e7al\u0131\u015f\u0131yoruz. Aktif olarak Birle\u015fik Devletler, Almanya, Avusturya, Fransa, Japonya, \u00c7in gibi \u00fclkelerin ba\u015fta oldu\u011fu k\u0131sacas\u0131 d\u00fcnyan\u0131n d\u00f6rt bir yan\u0131nda olu\u015fturdu\u011fumuz pazar pay\u0131m\u0131z\u0131 artt\u0131rmay\u0131 ve d\u00fcnyada sadece Eski\u015fehir\u2019de bulunan l\u00fcleta\u015f\u0131n\u0131 yurt d\u0131\u015f\u0131nda da tan\u0131tmay\u0131 kendimize hedef se\u00e7tik. <\/strong><strong>\u00dcr\u00fcn kalitemize g\u00fcvenmekteyiz; i\u015fledi\u011fimiz l\u00fcleta\u015flar\u0131 birinci kalite ve blok ta\u015f\u0131n i\u015flenmesiyle meydana gelmektedir. M\u00fc\u015fteri memnuniyetinin \u00f6nemini biliyor, \u00fcr\u00fcnlerimizin kalitesinden memnun kalaca\u011f\u0131n\u0131z\u0131 garanti ediyoruz.<\/strong><\/p>\n<p><em>As Yunar Pipo, we take our business seriously and work continously in order to give you the best service. We aim to increase our market share that we formed in the countries like the United States, Germany, Austria, France, Japon, China in short all around the world and to also introduce meerschaum which can only be found in Turkey in the world abroad. We trust our product quality since the meerschaum we dress is first quality and it is produced by dressing the block stone. We know the importance of customer satisfaction and we guarantee your satisfaction by the quality of our products. \u00a0<\/em><\/p>\n<\/div>\n<p>[\/vc_column_text][vc_row_inner css=&#8221;.vc_custom_1504686619466{margin-top: 10px !important;margin-bottom: 30px !important;}&#8221;][vc_column_inner width=&#8221;1\/3&#8243;][vc_single_image image=&#8221;2252&#8243; img_size=&#8221;full&#8221; css_animation=&#8221;fadeInUp&#8221; el_class=&#8221;no-link&#8221; css=&#8221;.vc_custom_1594503854980{margin-bottom: 20px !important;}&#8221;][vc_single_image image=&#8221;2253&#8243; img_size=&#8221;full&#8221; css_animation=&#8221;fadeInUp&#8221; el_class=&#8221;no-link&#8221; css=&#8221;.vc_custom_1594503872661{margin-bottom: 20px !important;}&#8221;][\/vc_column_inner][vc_column_inner width=&#8221;1\/3&#8243;][vc_single_image image=&#8221;2254&#8243; img_size=&#8221;full&#8221; css_animation=&#8221;fadeInUp&#8221; el_class=&#8221;no-link&#8221; css=&#8221;.vc_custom_1594503883197{margin-bottom: 20px !important;}&#8221;][vc_single_image image=&#8221;2255&#8243; img_size=&#8221;full&#8221; css_animation=&#8221;fadeInUp&#8221; el_class=&#8221;no-link&#8221; css=&#8221;.vc_custom_1594503894534{margin-bottom: 20px !important;}&#8221;][\/vc_column_inner][vc_column_inner width=&#8221;1\/3&#8243;][vc_single_image image=&#8221;2256&#8243; img_size=&#8221;full&#8221; css_animation=&#8221;fadeInUp&#8221; el_class=&#8221;no-link&#8221; css=&#8221;.vc_custom_1594503907034{margin-bottom: 20px !important;}&#8221;][vc_single_image image=&#8221;2251&#8243; img_size=&#8221;full&#8221; css_animation=&#8221;fadeInUp&#8221; el_class=&#8221;no-link&#8221; css=&#8221;.vc_custom_1594503919662{margin-bottom: 20px !important;}&#8221;][\/vc_column_inner][\/vc_row_inner][tbay_title_heading title=&#8221;MISSION &amp; VISION&#8221; buttons=&#8221;btn-default btn-outline&#8221; buttons2=&#8221;btn-default btn-outline&#8221; style=&#8221;style5&#8243; el_class=&#8221;title_underlined text-center&#8221;][vc_column_text css_animation=&#8221;fadeInUp&#8221; el_class=&#8221;text-center&#8221; css=&#8221;.vc_custom_1594658551972{padding-top: 10px !important;padding-right: 50px !important;padding-left: 50px !important;}&#8221;]<\/p>\n<div class=\"about-sub\">\n<p><strong>D\u00fcnya \u00fczerinde l\u00fcleta\u015f\u0131n\u0131n en yo\u011fun rezervine sahip olan Eski\u015fehir\u2019de k\u00fc\u00e7\u00fck bir at\u00f6lyeden ba\u015flayarak Amerika\u2019n\u0131n \u00e7e\u015fitli \u015fehirlerindeki fuarlara kadar uzanan patentli \u00fcr\u00fcnlerimizi; do\u011fru kalite-fiyat oran\u0131n\u0131 sa\u011flayarak, geni\u015f bir \u00fcr\u00fcn yelpazesi ile sunarak m\u00fc\u015fteri memnuniyetini en \u00fcst d\u00fczeyde sa\u011flamak.<\/strong><\/p>\n<p><em>Starting from a little workshop in Eski\u015fehir which has the richest reserve of meerschaum in the world and reaching to the expositions in the various cities in America, we offer our patented articles by securing right quality-price ratio with a broad product range in order to provide customer satisfaction in the highest level.<\/em><\/p>\n<p><strong>Yerin 300 m alt\u0131ndan \u00e7\u0131kar\u0131lan, g\u00f6zenekli yap\u0131 ve yumu\u015fak bir dokuya sahip olan, hafif olmas\u0131 ve d\u00fc\u015f\u00fck yo\u011funlu\u011fu ile \u00f6ne \u00e7\u0131kan Eski\u015fehir\u2019in beyaz incisi l\u00fcleta\u015f\u0131n\u0131 ve i\u015fletmecimizin hayal g\u00fcc\u00fc, el becerisi ve deneyimi ile harmanlanm\u0131\u015f patentli \u00fcr\u00fcn\u00fcnlerini en kaliteli ve g\u00fcvenilir bir \u015fekilde T\u00fcrkiye genelinde ve d\u00fcnya \u00e7ap\u0131nda tan\u0131tmay\u0131 ve de\u011ferli m\u00fc\u015fterilerimize ula\u015ft\u0131rmay\u0131 hedefliyoruz.<\/strong><\/p>\n<p><em>We aim to introduce the white pearl of Eski\u015fehir, meerschaum which has a porous structure and soft texture and which is prominent in being light and having low density and extracted from 300 m underground and our patented articles which were made by the imagination, handicraft and experience of our artist both in Turkey and in the world and to deliver them to our precious customers in a reliable and finest quality way.<\/em><\/p>\n<\/div>\n<p>[\/vc_column_text][\/vc_column][\/vc_row]<\/p>\n","protected":false},"excerpt":{"rendered":"<p>[vc_row css=&#8221;.vc_custom_1504682859431{padding-top: 11px !important;}&#8221;][vc_column el_class=&#8221;center&#8221;][vc_single_image image=&#8221;2181&#8243; img_size=&#8221;full&#8221; alignment=&#8221;center&#8221; css_animation=&#8221;fadeInUp&#8221; css=&#8221;.vc_custom_1594503483758{padding-top: 10px !important;padding-right: 10px !important;padding-bottom: 10px !important;padding-left: 10px !important;}&#8221; el_class=&#8221;no-link&#8221;][vc_column_text css_animation=&#8221;fadeInUp&#8221; el_class=&#8221;text-center&#8221; css=&#8221;.vc_custom_1594504081779{margin-top: 12px !important;margin-bottom: 46px !important;}&#8221;] &#8220;Yunar Meerschaum is owned and operated by Yunar family who had been carving meerschaum genetation to generation.&#8221; \u2014 Abd\u00fclvahap YUNAR [\/vc_column_text][tbay_title_heading title=&#8221;About Us&#8221; buttons=&#8221;btn-default btn-outline&#8221; buttons2=&#8221;btn-default btn-outline&#8221; style=&#8221;style5&#8243; el_class=&#8221;title_underlined &hellip; <a href=\"https:\/\/yunarmeerschaum.com\/index.php\/about-us\/\" class=\"more-link\">Continue reading <span class=\"screen-reader-text\">About Yunar Meerschaum<\/span><\/a><\/p>\n","protected":false},"author":1,"featured_media":0,"parent":0,"menu_order":0,"comment_status":"closed","ping_status":"closed","template":"","meta":{"inline_featured_image":false,"_mi_skip_tracking":false},"_links":{"self":[{"href":"https:\/\/yunarmeerschaum.com\/index.php\/wp-json\/wp\/v2\/pages\/531"}],"collection":[{"href":"https:\/\/yunarmeerschaum.com\/index.php\/wp-json\/wp\/v2\/pages"}],"about":[{"href":"https:\/\/yunarmeerschaum.com\/index.php\/wp-json\/wp\/v2\/types\/page"}],"author":[{"embeddable":true,"href":"https:\/\/yunarmeerschaum.com\/index.php\/wp-json\/wp\/v2\/users\/1"}],"replies":[{"embeddable":true,"href":"https:\/\/yunarmeerschaum.com\/index.php\/wp-json\/wp\/v2\/comments?post=531"}],"version-history":[{"count":11,"href":"https:\/\/yunarmeerschaum.com\/index.php\/wp-json\/wp\/v2\/pages\/531\/revisions"}],"predecessor-version":[{"id":2563,"href":"https:\/\/yunarmeerschaum.com\/index.php\/wp-json\/wp\/v2\/pages\/531\/revisions\/2563"}],"wp:attachment":[{"href":"https:\/\/yunarmeerschaum.com\/index.php\/wp-json\/wp\/v2\/media?parent=531"}],"curies":[{"name":"wp","href":"https:\/\/api.w.org\/{rel}","templated":true}]}}